{"id":630,"date":"2023-07-24T12:08:17","date_gmt":"2023-07-24T12:08:17","guid":{"rendered":"https:\/\/excellencequalite.com\/?page_id=630"},"modified":"2025-03-02T08:31:44","modified_gmt":"2025-03-02T08:31:44","slug":"iso-organic","status":"publish","type":"page","link":"https:\/\/excellencequalite.com\/en\/iso-organic\/","title":{"rendered":"ISO Organic\u200b"},"content":{"rendered":"<div data-elementor-type=\"wp-page\" data-elementor-id=\"630\" class=\"elementor elementor-630\" data-elementor-post-type=\"page\">\n\t\t\t\t\t\t<section class=\"elementor-section elementor-top-section elementor-element elementor-element-38f656f2 elementor-section-full_width elementor-section-content-middle elementor-reverse-mobile elementor-section-height-default elementor-section-height-default\" data-id=\"38f656f2\" data-element_type=\"section\" data-settings=\"{&quot;background_background&quot;:&quot;classic&quot;}\">\n\t\t\t\t\t\t<div class=\"elementor-container elementor-column-gap-no\">\n\t\t\t\t\t<div class=\"elementor-column elementor-col-50 elementor-top-column elementor-element elementor-element-629ceb47\" data-id=\"629ceb47\" data-element_type=\"column\">\n\t\t\t<div class=\"elementor-widget-wrap elementor-element-populated\">\n\t\t\t\t\t\t<div class=\"elementor-element elementor-element-1af7ed5 elementor-widget elementor-widget-image\" data-id=\"1af7ed5\" data-element_type=\"widget\" data-widget_type=\"image.default\">\n\t\t\t\t<div class=\"elementor-widget-container\">\n\t\t\t\t\t\t\t\t\t\t\t\t\t\t\t<img fetchpriority=\"high\" decoding=\"async\" width=\"1024\" height=\"1024\" src=\"https:\/\/excellencequalite.com\/wp-content\/uploads\/2024\/10\/Badges-Excellence-french-copy-12-1024x1024.png\" class=\"attachment-large size-large wp-image-2018\" alt=\"\" srcset=\"https:\/\/excellencequalite.com\/wp-content\/uploads\/2024\/10\/Badges-Excellence-french-copy-12-1024x1024.png 1024w, https:\/\/excellencequalite.com\/wp-content\/uploads\/2024\/10\/Badges-Excellence-french-copy-12-300x300.png 300w, https:\/\/excellencequalite.com\/wp-content\/uploads\/2024\/10\/Badges-Excellence-french-copy-12-150x150.png 150w, https:\/\/excellencequalite.com\/wp-content\/uploads\/2024\/10\/Badges-Excellence-french-copy-12-768x768.png 768w, https:\/\/excellencequalite.com\/wp-content\/uploads\/2024\/10\/Badges-Excellence-french-copy-12-1536x1536.png 1536w, https:\/\/excellencequalite.com\/wp-content\/uploads\/2024\/10\/Badges-Excellence-french-copy-12-2048x2048.png 2048w, https:\/\/excellencequalite.com\/wp-content\/uploads\/2024\/10\/Badges-Excellence-french-copy-12-12x12.png 12w\" sizes=\"(max-width: 1024px) 100vw, 1024px\" \/>\t\t\t\t\t\t\t\t\t\t\t\t\t\t\t<\/div>\n\t\t\t\t<\/div>\n\t\t\t\t\t<\/div>\n\t\t<\/div>\n\t\t\t\t<div class=\"elementor-column elementor-col-50 elementor-top-column elementor-element elementor-element-343f1e68\" data-id=\"343f1e68\" data-element_type=\"column\" data-settings=\"{&quot;background_background&quot;:&quot;classic&quot;}\">\n\t\t\t<div class=\"elementor-widget-wrap elementor-element-populated\">\n\t\t\t\t\t\t<section class=\"elementor-section elementor-inner-section elementor-element elementor-element-49b2f5ca elementor-section-full_width elementor-section-height-default elementor-section-height-default\" data-id=\"49b2f5ca\" data-element_type=\"section\">\n\t\t\t\t\t\t<div class=\"elementor-container elementor-column-gap-no\">\n\t\t\t\t\t<div class=\"elementor-column elementor-col-100 elementor-inner-column elementor-element elementor-element-2e6b8d68\" data-id=\"2e6b8d68\" data-element_type=\"column\">\n\t\t\t<div class=\"elementor-widget-wrap elementor-element-populated\">\n\t\t\t\t\t\t<div class=\"elementor-element elementor-element-4936a2b0 elementor-widget__width-initial elementor-widget elementor-widget-heading\" data-id=\"4936a2b0\" data-element_type=\"widget\" data-widget_type=\"heading.default\">\n\t\t\t\t<div class=\"elementor-widget-container\">\n\t\t\t\t\t<h1 class=\"elementor-heading-title elementor-size-default\">Organic<\/h1>\t\t\t\t<\/div>\n\t\t\t\t<\/div>\n\t\t\t\t<div class=\"elementor-element elementor-element-13fc04dd elementor-widget__width-initial elementor-widget elementor-widget-text-editor\" data-id=\"13fc04dd\" data-element_type=\"widget\" data-widget_type=\"text-editor.default\">\n\t\t\t\t<div class=\"elementor-widget-container\">\n\t\t\t\t\t\t\t\t\t<p class=\"translation-block\">The Organic certification system is an essential process to ensure that agricultural and food products meet strict organic production standards. It aims to promote sustainable practices that respect the environment while ensuring consumer health.<\/p><p>Principles of Certification<br \/>The certification is based on several fundamental principles:<\/p><p class=\"translation-block\">Use of Organic Ingredients: Products must be sourced from organic farming, without the use of chemical pesticides or synthetic fertilizers.<\/p><p class=\"translation-block\">Biodiversity Conservation: The certification encourages the preservation of local ecosystems and crop diversity, thereby contributing to soil and ecosystem health.<\/p><p class=\"translation-block\">Transparency and Traceability: Producers must ensure complete traceability of their products, from the farm to the consumer, thereby enhancing trust.<\/p><p>Animal Welfare: For animal-derived products, strict animal welfare standards must be adhered to.<br \/>being animal must be respected.<\/p><p>The Certification Process<br \/>The certification process involves several key steps:<\/p><p class=\"translation-block\">Initial Inspection: An accredited certification body conducts an inspection of farming practices and facilities to ensure they comply with organic standards.<\/p><p class=\"translation-block\">Documentation and Monitoring: Producers must provide detailed documentation of their practices, as well as records of their harvests and sales.<\/p><p class=\"translation-block\">Annual Control: Once certified, producers are subject to regular checks to ensure continued compliance with standards.<\/p><p>Benefits of Certification<br \/>The benefits of the Organic certification system are numerous:<\/p><p class=\"translation-block\">Consumer Trust: The certification reassures consumers about the quality and origin of the products they purchase.\n<br>\nAccess to New Markets: Certified organic products can access specific markets where demand for sustainable products is growing rapidly.\n<br>\nSupport for Sustainable Agriculture: By adopting organic practices, producers contribute to a more sustainable future and help combat climate change.<\/p>\t\t\t\t\t\t\t\t<\/div>\n\t\t\t\t<\/div>\n\t\t\t\t\t<\/div>\n\t\t<\/div>\n\t\t\t\t\t<\/div>\n\t\t<\/section>\n\t\t\t\t\t<\/div>\n\t\t<\/div>\n\t\t\t\t\t<\/div>\n\t\t<\/section>\n\t\t\t\t<section class=\"elementor-section elementor-top-section elementor-element elementor-element-67e852fc elementor-section-boxed elementor-section-height-default elementor-section-height-default\" data-id=\"67e852fc\" data-element_type=\"section\" data-settings=\"{&quot;background_background&quot;:&quot;classic&quot;}\">\n\t\t\t\t\t\t<div class=\"elementor-container elementor-column-gap-no\">\n\t\t\t\t\t<div class=\"elementor-column elementor-col-33 elementor-top-column elementor-element elementor-element-4090baa8\" data-id=\"4090baa8\" data-element_type=\"column\">\n\t\t\t<div class=\"elementor-widget-wrap elementor-element-populated\">\n\t\t\t\t\t\t<div class=\"elementor-element elementor-element-ebebd50 elementor-position-left elementor-widget__width-auto elementor-widget-mobile__width-inherit elementor-view-default elementor-mobile-position-top elementor-vertical-align-top elementor-widget elementor-widget-icon-box\" data-id=\"ebebd50\" data-element_type=\"widget\" data-widget_type=\"icon-box.default\">\n\t\t\t\t<div class=\"elementor-widget-container\">\n\t\t\t\t\t\t\t<div class=\"elementor-icon-box-wrapper\">\n\n\t\t\t\t\t\t<div class=\"elementor-icon-box-icon\">\n\t\t\t\t<span  class=\"elementor-icon\">\n\t\t\t\t<i aria-hidden=\"true\" class=\"fas fa-map-marker-alt\"><\/i>\t\t\t\t<\/span>\n\t\t\t<\/div>\n\t\t\t\n\t\t\t\t\t\t<div class=\"elementor-icon-box-content\">\n\n\t\t\t\t\t\t\t\t\t<h4 class=\"elementor-icon-box-title\">\n\t\t\t\t\t\t<span  >\n\t\t\t\t\t\t\tAddress\t\t\t\t\t\t<\/span>\n\t\t\t\t\t<\/h4>\n\t\t\t\t\n\t\t\t\t\t\t\t\t\t<p class=\"elementor-icon-box-description\">\n\t\t\t\t\t\t\u2022 128, City Road, London, EC1V 2NX, UK<br>\u2022 Rue du 7 D\u00e9cembre, Abidjan, Ivory Coast<br>\u2022 Ramlet el bayda, Moussa nammour Street, LB\n<br>\u2022 Avenue Andr\u00e9 Peytavin - Dakar Plateau - Senegal\n\t\t\t\t\t<\/p>\n\t\t\t\t\n\t\t\t<\/div>\n\t\t\t\n\t\t<\/div>\n\t\t\t\t\t\t<\/div>\n\t\t\t\t<\/div>\n\t\t\t\t\t<\/div>\n\t\t<\/div>\n\t\t\t\t<div class=\"elementor-column elementor-col-33 elementor-top-column elementor-element elementor-element-cfe0010\" data-id=\"cfe0010\" data-element_type=\"column\">\n\t\t\t<div class=\"elementor-widget-wrap elementor-element-populated\">\n\t\t\t\t\t\t<div class=\"elementor-element elementor-element-445c9963 elementor-position-left elementor-widget__width-auto elementor-widget-mobile__width-inherit elementor-view-default elementor-mobile-position-top elementor-vertical-align-top elementor-widget elementor-widget-icon-box\" data-id=\"445c9963\" data-element_type=\"widget\" data-widget_type=\"icon-box.default\">\n\t\t\t\t<div class=\"elementor-widget-container\">\n\t\t\t\t\t\t\t<div class=\"elementor-icon-box-wrapper\">\n\n\t\t\t\t\t\t<div class=\"elementor-icon-box-icon\">\n\t\t\t\t<span  class=\"elementor-icon\">\n\t\t\t\t<i aria-hidden=\"true\" class=\"fas fa-phone\"><\/i>\t\t\t\t<\/span>\n\t\t\t<\/div>\n\t\t\t\n\t\t\t\t\t\t<div class=\"elementor-icon-box-content\">\n\n\t\t\t\t\t\t\t\t\t<h4 class=\"elementor-icon-box-title\">\n\t\t\t\t\t\t<span  >\n\t\t\t\t\t\t\tContact Us\t\t\t\t\t\t<\/span>\n\t\t\t\t\t<\/h4>\n\t\t\t\t\n\t\t\t\t\t\t\t\t\t<p class=\"elementor-icon-box-description\">\n\t\t\t\t\t\t+225 07 97 909 990<br>\n+221 77 640 11 12\t\t\t\t\t<\/p>\n\t\t\t\t\n\t\t\t<\/div>\n\t\t\t\n\t\t<\/div>\n\t\t\t\t\t\t<\/div>\n\t\t\t\t<\/div>\n\t\t\t\t\t<\/div>\n\t\t<\/div>\n\t\t\t\t<div class=\"elementor-column elementor-col-33 elementor-top-column elementor-element elementor-element-7309db4e\" data-id=\"7309db4e\" data-element_type=\"column\">\n\t\t\t<div class=\"elementor-widget-wrap elementor-element-populated\">\n\t\t\t\t\t\t<div class=\"elementor-element elementor-element-4bcd8b59 elementor-position-left elementor-widget__width-auto elementor-widget-mobile__width-inherit elementor-view-default elementor-mobile-position-top elementor-vertical-align-top elementor-widget elementor-widget-icon-box\" data-id=\"4bcd8b59\" data-element_type=\"widget\" data-widget_type=\"icon-box.default\">\n\t\t\t\t<div class=\"elementor-widget-container\">\n\t\t\t\t\t\t\t<div class=\"elementor-icon-box-wrapper\">\n\n\t\t\t\t\t\t<div class=\"elementor-icon-box-icon\">\n\t\t\t\t<span  class=\"elementor-icon\">\n\t\t\t\t<i aria-hidden=\"true\" class=\"fas fa-envelope\"><\/i>\t\t\t\t<\/span>\n\t\t\t<\/div>\n\t\t\t\n\t\t\t\t\t\t<div class=\"elementor-icon-box-content\">\n\n\t\t\t\t\t\t\t\t\t<h4 class=\"elementor-icon-box-title\">\n\t\t\t\t\t\t<span  >\n\t\t\t\t\t\t\tE-Mail Us\t\t\t\t\t\t<\/span>\n\t\t\t\t\t<\/h4>\n\t\t\t\t\n\t\t\t\t\t\t\t\t\t<p class=\"elementor-icon-box-description\">\n\t\t\t\t\t\tinfo@excellencequalite.com\t\t\t\t\t<\/p>\n\t\t\t\t\n\t\t\t<\/div>\n\t\t\t\n\t\t<\/div>\n\t\t\t\t\t\t<\/div>\n\t\t\t\t<\/div>\n\t\t\t\t\t<\/div>\n\t\t<\/div>\n\t\t\t\t\t<\/div>\n\t\t<\/section>\n\t\t\t\t<\/div>","protected":false},"excerpt":{"rendered":"<p>Organic The Organic System certification is an essential process for ensuring that agricultural and food products meet strict organic production standards. It aims to promote sustainable practices that respect the environment while ensuring consumer health. Principles of CertificationThe certification is based on several fundamental principles: Use of Organic Ingredients [\u2026]<\/p>","protected":false},"author":1,"featured_media":0,"parent":0,"menu_order":0,"comment_status":"closed","ping_status":"closed","template":"","meta":{"_uag_custom_page_level_css":"","site-sidebar-layout":"no-sidebar","site-content-layout":"page-builder","ast-site-content-layout":"","site-content-style":"default","site-sidebar-style":"default","ast-global-header-display":"","ast-banner-title-visibility":"","ast-main-header-display":"","ast-hfb-above-header-display":"","ast-hfb-below-header-display":"","ast-hfb-mobile-header-display":"","site-post-title":"disabled","ast-breadcrumbs-content":"","ast-featured-img":"disabled","footer-sml-layout":"","theme-transparent-header-meta":"","adv-header-id-meta":"","stick-header-meta":"","header-above-stick-meta":"","header-main-stick-meta":"","header-below-stick-meta":"","astra-migrate-meta-layouts":"default","ast-page-background-enabled":"default","ast-page-background-meta":{"desktop":{"background-color":"","background-image":"","background-repeat":"repeat","background-position":"center center","background-size":"auto","background-attachment":"scroll","background-type":"","background-media":"","overlay-type":"","overlay-color":"","overlay-opacity":"","overlay-gradient":""},"tablet":{"background-color":"","background-image":"","background-repeat":"repeat","background-position":"center center","background-size":"auto","background-attachment":"scroll","background-type":"","background-media":"","overlay-type":"","overlay-color":"","overlay-opacity":"","overlay-gradient":""},"mobile":{"background-color":"","background-image":"","background-repeat":"repeat","background-position":"center center","background-size":"auto","background-attachment":"scroll","background-type":"","background-media":"","overlay-type":"","overlay-color":"","overlay-opacity":"","overlay-gradient":""}},"ast-content-background-meta":{"desktop":{"background-color":"var(--ast-global-color-5)","background-image":"","background-repeat":"repeat","background-position":"center center","background-size":"auto","background-attachment":"scroll","background-type":"","background-media":"","overlay-type":"","overlay-color":"","overlay-opacity":"","overlay-gradient":""},"tablet":{"background-color":"var(--ast-global-color-5)","background-image":"","background-repeat":"repeat","background-position":"center center","background-size":"auto","background-attachment":"scroll","background-type":"","background-media":"","overlay-type":"","overlay-color":"","overlay-opacity":"","overlay-gradient":""},"mobile":{"background-color":"var(--ast-global-color-5)","background-image":"","background-repeat":"repeat","background-position":"center center","background-size":"auto","background-attachment":"scroll","background-type":"","background-media":"","overlay-type":"","overlay-color":"","overlay-opacity":"","overlay-gradient":""}},"footnotes":""},"class_list":["post-630","page","type-page","status-publish","hentry"],"uagb_featured_image_src":{"full":false,"thumbnail":false,"medium":false,"medium_large":false,"large":false,"1536x1536":false,"2048x2048":false,"trp-custom-language-flag":false},"uagb_author_info":{"display_name":"admin","author_link":"https:\/\/excellencequalite.com\/en\/author\/mohamadbarakat_4iokngt5\/"},"uagb_comment_info":0,"uagb_excerpt":"Organic La certification Organic Syst\u00e8me est un processus essentiel pour garantir que les produits agricoles etalimentaires r\u00e9pondent \u00e0 des normes strictes de production biologique. Elle vise \u00e0 promouvoir despratiques durables qui respectent l&rsquo;environnement tout en assurant la sant\u00e9 des consommateurs. Les Principes de la CertificationLa certification repose sur plusieurs principes fondamentaux : Utilisation d\u2019Ingr\u00e9dients Biologiques&hellip;","_links":{"self":[{"href":"https:\/\/excellencequalite.com\/en\/wp-json\/wp\/v2\/pages\/630","targetHints":{"allow":["GET"]}}],"collection":[{"href":"https:\/\/excellencequalite.com\/en\/wp-json\/wp\/v2\/pages"}],"about":[{"href":"https:\/\/excellencequalite.com\/en\/wp-json\/wp\/v2\/types\/page"}],"author":[{"embeddable":true,"href":"https:\/\/excellencequalite.com\/en\/wp-json\/wp\/v2\/users\/1"}],"replies":[{"embeddable":true,"href":"https:\/\/excellencequalite.com\/en\/wp-json\/wp\/v2\/comments?post=630"}],"version-history":[{"count":28,"href":"https:\/\/excellencequalite.com\/en\/wp-json\/wp\/v2\/pages\/630\/revisions"}],"predecessor-version":[{"id":2187,"href":"https:\/\/excellencequalite.com\/en\/wp-json\/wp\/v2\/pages\/630\/revisions\/2187"}],"wp:attachment":[{"href":"https:\/\/excellencequalite.com\/en\/wp-json\/wp\/v2\/media?parent=630"}],"curies":[{"name":"wp","href":"https:\/\/api.w.org\/{rel}","templated":true}]}}